{"id":334,"date":"2018-04-25T13:38:48","date_gmt":"2018-04-25T17:38:48","guid":{"rendered":"https:\/\/courtierpharma.com\/?page_id=334"},"modified":"2023-04-21T11:19:07","modified_gmt":"2023-04-21T15:19:07","slug":"nos-clients","status":"publish","type":"page","link":"https:\/\/courtierpharma.com\/fr\/nos-clients\/","title":{"rendered":"Nos Clients"},"content":{"rendered":"\n\n\t<div id=\"metaslider-id-412\" style=\"max-width: 500px;\" class=\"ml-slider-3-109-0 metaslider metaslider-flex metaslider-412 ml-slider has-dots-nav ms-theme-default\" role=\"region\" aria-label=\"Nos Clients logos\" data-height=\"200\" data-width=\"500\">\n    <div id=\"metaslider_container_412\">\n        <div id=\"metaslider_412\">\n            <ul class='slides'>\n                <li style=\"display: block; width: 100%;\" class=\"slide-414 ms-image \" aria-roledescription=\"slide\" data-date=\"2018-05-28 16:42:00\" data-filename=\"Genacol_slogan.jpg\" data-slide-type=\"image\"><a href=\"http:\/\/www.genacol.ca\" target=\"_self\" aria-label=\"Voir les d\u00e9tails de la diapositive\" class=\"metaslider_image_link\"><img loading=\"lazy\" decoding=\"async\" width=\"1614\" height=\"1158\" src=\"https:\/\/courtierpharma.com\/wp-content\/uploads\/2020\/09\/Genacol_slogan.jpg\" class=\"slider-412 slide-414 msDefaultImage\" alt=\"\" rel=\"\" title=\"Genacol_slogan\" srcset=\"https:\/\/courtierpharma.com\/wp-content\/uploads\/2020\/09\/Genacol_slogan.jpg 1614w, https:\/\/courtierpharma.com\/wp-content\/uploads\/2020\/09\/Genacol_slogan-300x215.jpg 300w, https:\/\/courtierpharma.com\/wp-content\/uploads\/2020\/09\/Genacol_slogan-768x551.jpg 768w, https:\/\/courtierpharma.com\/wp-content\/uploads\/2020\/09\/Genacol_slogan-1024x735.jpg 1024w, https:\/\/courtierpharma.com\/wp-content\/uploads\/2020\/09\/Genacol_slogan-1600x1148.jpg 1600w\" sizes=\"auto, (max-width: 1614px) 100vw, 1614px\" \/><\/a><\/li>\n                <li style=\"display: none; width: 100%;\" class=\"slide-416 ms-image \" aria-roledescription=\"slide\" data-date=\"2018-05-28 16:43:18\" data-filename=\"xlogo-pur-noisetier.png.pagespeed.ic_.PFz9vlEa0v.png\" data-slide-type=\"image\"><a href=\"http:\/\/www.purnoisettier.com\" target=\"_self\" aria-label=\"Voir les d\u00e9tails de la diapositive\" class=\"metaslider_image_link\"><img loading=\"lazy\" decoding=\"async\" width=\"546\" height=\"170\" src=\"https:\/\/courtierpharma.com\/wp-content\/uploads\/2018\/05\/xlogo-pur-noisetier.png.pagespeed.ic_.PFz9vlEa0v.png\" class=\"slider-412 slide-416 msDefaultImage\" alt=\"Courtier Pharma - Nos Clients - Pur Noisettier\" rel=\"\" title=\"Courtier Pharma - Nos Clients - Pur Noisettier\" srcset=\"https:\/\/courtierpharma.com\/wp-content\/uploads\/2018\/05\/xlogo-pur-noisetier.png.pagespeed.ic_.PFz9vlEa0v.png 546w, https:\/\/courtierpharma.com\/wp-content\/uploads\/2018\/05\/xlogo-pur-noisetier.png.pagespeed.ic_.PFz9vlEa0v-300x93.png 300w\" sizes=\"auto, (max-width: 546px) 100vw, 546px\" \/><\/a><\/li>\n                <li style=\"display: none; width: 100%;\" class=\"slide-418 ms-image \" aria-roledescription=\"slide\" data-date=\"2018-05-28 16:44:01\" data-filename=\"emu-dundee-cosmetique-logo-1426275931.jpg\" data-slide-type=\"image\"><img loading=\"lazy\" decoding=\"async\" width=\"260\" height=\"134\" src=\"https:\/\/courtierpharma.com\/wp-content\/uploads\/2018\/05\/emu-dundee-cosmetique-logo-1426275931.jpg\" class=\"slider-412 slide-418 msDefaultImage\" alt=\"Courtier Pharma - Nos Clients - Emu Dundee\" rel=\"\" title=\"Courtier Pharma - Nos Clients - Emu Dundee\" \/><\/li>\n                <li style=\"display: none; width: 100%;\" class=\"slide-420 ms-image \" aria-roledescription=\"slide\" data-date=\"2018-05-28 16:45:24\" data-filename=\"Logo_Arthri-Plus_Nouveau-2.png\" data-slide-type=\"image\"><img loading=\"lazy\" decoding=\"async\" width=\"2500\" height=\"1667\" src=\"https:\/\/courtierpharma.com\/wp-content\/uploads\/2022\/06\/Logo_Arthri-Plus_Nouveau-2.png\" class=\"slider-412 slide-420 msDefaultImage\" alt=\"\" rel=\"\" title=\"Logo_Arthri-Plus_Nouveau-2\" srcset=\"https:\/\/courtierpharma.com\/wp-content\/uploads\/2022\/06\/Logo_Arthri-Plus_Nouveau-2.png 2500w, https:\/\/courtierpharma.com\/wp-content\/uploads\/2022\/06\/Logo_Arthri-Plus_Nouveau-2-300x200.png 300w, https:\/\/courtierpharma.com\/wp-content\/uploads\/2022\/06\/Logo_Arthri-Plus_Nouveau-2-1024x683.png 1024w, https:\/\/courtierpharma.com\/wp-content\/uploads\/2022\/06\/Logo_Arthri-Plus_Nouveau-2-768x512.png 768w, https:\/\/courtierpharma.com\/wp-content\/uploads\/2022\/06\/Logo_Arthri-Plus_Nouveau-2-1536x1024.png 1536w, https:\/\/courtierpharma.com\/wp-content\/uploads\/2022\/06\/Logo_Arthri-Plus_Nouveau-2-2048x1366.png 2048w, https:\/\/courtierpharma.com\/wp-content\/uploads\/2022\/06\/Logo_Arthri-Plus_Nouveau-2-1600x1067.png 1600w\" sizes=\"auto, (max-width: 2500px) 100vw, 2500px\" \/><\/li>\n                <li style=\"display: none; width: 100%;\" class=\"slide-424 ms-image \" aria-roledescription=\"slide\" data-date=\"2018-05-28 16:53:17\" data-filename=\"beke-bobo.png\" data-slide-type=\"image\"><img loading=\"lazy\" decoding=\"async\" width=\"800\" height=\"272\" src=\"https:\/\/courtierpharma.com\/wp-content\/uploads\/2018\/05\/beke-bobo.png\" class=\"slider-412 slide-424 msDefaultImage\" alt=\"Courtier Pharma - Nos Clients - B\u00e9k\u00e9 Bobo\" rel=\"\" title=\"Courtier Pharma - Nos Clients - B\u00e9k\u00e9 Bobo\" srcset=\"https:\/\/courtierpharma.com\/wp-content\/uploads\/2018\/05\/beke-bobo.png 800w, https:\/\/courtierpharma.com\/wp-content\/uploads\/2018\/05\/beke-bobo-300x102.png 300w, https:\/\/courtierpharma.com\/wp-content\/uploads\/2018\/05\/beke-bobo-768x261.png 768w\" sizes=\"auto, (max-width: 800px) 100vw, 800px\" \/><\/li>\n                <li style=\"display: none; width: 100%;\" class=\"slide-428 ms-image \" aria-roledescription=\"slide\" data-date=\"2018-05-28 16:56:02\" data-filename=\"logo.png\" data-slide-type=\"image\"><img loading=\"lazy\" decoding=\"async\" width=\"355\" height=\"66\" src=\"https:\/\/courtierpharma.com\/wp-content\/uploads\/2018\/05\/logo.png\" class=\"slider-412 slide-428 msDefaultImage\" alt=\"Courtier Pharma - Nos Clients - Ola Bamboo\" rel=\"\" title=\"Courtier Pharma - Nos Clients - Ola Bamboo\" srcset=\"https:\/\/courtierpharma.com\/wp-content\/uploads\/2018\/05\/logo.png 355w, https:\/\/courtierpharma.com\/wp-content\/uploads\/2018\/05\/logo-300x56.png 300w\" sizes=\"auto, (max-width: 355px) 100vw, 355px\" \/><\/li>\n                <li style=\"display: none; width: 100%;\" class=\"slide-430 ms-image \" aria-roledescription=\"slide\" data-date=\"2018-05-28 16:57:13\" data-filename=\"citrobug-logo_large.jpg\" data-slide-type=\"image\"><img loading=\"lazy\" decoding=\"async\" width=\"318\" height=\"159\" src=\"https:\/\/courtierpharma.com\/wp-content\/uploads\/2018\/05\/citrobug-logo_large.jpg\" class=\"slider-412 slide-430 msDefaultImage\" alt=\"Courtier Pharma - Nos Clients - Citrobug\" rel=\"\" title=\"Courtier Pharma - Nos Clients - Citrobug\" srcset=\"https:\/\/courtierpharma.com\/wp-content\/uploads\/2018\/05\/citrobug-logo_large.jpg 318w, https:\/\/courtierpharma.com\/wp-content\/uploads\/2018\/05\/citrobug-logo_large-300x150.jpg 300w\" sizes=\"auto, (max-width: 318px) 100vw, 318px\" \/><\/li>\n                <li style=\"display: none; width: 100%;\" class=\"slide-432 ms-image \" aria-roledescription=\"slide\" data-date=\"2018-05-28 16:58:56\" data-filename=\"download.jpg\" data-slide-type=\"image\"><img loading=\"lazy\" decoding=\"async\" width=\"256\" height=\"197\" src=\"https:\/\/courtierpharma.com\/wp-content\/uploads\/2018\/05\/download.jpg\" class=\"slider-412 slide-432 msDefaultImage\" alt=\"Courtier Pharma - Nos Clients - Bont\u00e9\" rel=\"\" title=\"Courtier Pharma - Nos Clients - Bont\u00e9\" \/><\/li>\n                <li style=\"display: none; width: 100%;\" class=\"slide-614 ms-image \" aria-roledescription=\"slide\" data-date=\"2022-02-14 18:05:31\" data-filename=\"ClockItToYa_Logo-01.jpg\" data-slide-type=\"image\"><img loading=\"lazy\" decoding=\"async\" width=\"991\" height=\"416\" src=\"https:\/\/courtierpharma.com\/wp-content\/uploads\/2022\/06\/ClockItToYa_Logo-01.jpg\" class=\"slider-412 slide-614 msDefaultImage\" alt=\"\" rel=\"\" title=\"ClockItToYa_Logo-01\" srcset=\"https:\/\/courtierpharma.com\/wp-content\/uploads\/2022\/06\/ClockItToYa_Logo-01.jpg 991w, https:\/\/courtierpharma.com\/wp-content\/uploads\/2022\/06\/ClockItToYa_Logo-01-300x126.jpg 300w, https:\/\/courtierpharma.com\/wp-content\/uploads\/2022\/06\/ClockItToYa_Logo-01-768x322.jpg 768w\" sizes=\"auto, (max-width: 991px) 100vw, 991px\" \/><\/li>\n                <li style=\"display: none; width: 100%;\" class=\"slide-615 ms-image \" aria-roledescription=\"slide\" data-date=\"2022-02-14 18:05:31\" data-filename=\"b9e88324e83bf6faa7208dbf43d124a4.png\" data-slide-type=\"image\"><img loading=\"lazy\" decoding=\"async\" width=\"540\" height=\"150\" src=\"https:\/\/courtierpharma.com\/wp-content\/uploads\/2022\/02\/b9e88324e83bf6faa7208dbf43d124a4.png\" class=\"slider-412 slide-615 msDefaultImage\" alt=\"\" rel=\"\" title=\"Land Art\" srcset=\"https:\/\/courtierpharma.com\/wp-content\/uploads\/2022\/02\/b9e88324e83bf6faa7208dbf43d124a4.png 540w, https:\/\/courtierpharma.com\/wp-content\/uploads\/2022\/02\/b9e88324e83bf6faa7208dbf43d124a4-300x83.png 300w\" sizes=\"auto, (max-width: 540px) 100vw, 540px\" \/><\/li>\n                <li style=\"display: none; width: 100%;\" class=\"slide-646 ms-image \" aria-roledescription=\"slide\" data-date=\"2023-04-21 11:25:48\" data-filename=\"1-1.jpg\" data-slide-type=\"image\"><a href=\"https:\/\/yummysport.com\/\" target=\"_self\" aria-label=\"Voir les d\u00e9tails de la diapositive\" class=\"metaslider_image_link\"><img loading=\"lazy\" decoding=\"async\" width=\"359\" height=\"140\" src=\"https:\/\/courtierpharma.com\/wp-content\/uploads\/2023\/04\/1-1.jpg\" class=\"slider-412 slide-646 msDefaultImage\" alt=\"\" rel=\"\" title=\"Yummy Sports\" srcset=\"https:\/\/courtierpharma.com\/wp-content\/uploads\/2023\/04\/1-1.jpg 359w, https:\/\/courtierpharma.com\/wp-content\/uploads\/2023\/04\/1-1-300x117.jpg 300w\" sizes=\"auto, (max-width: 359px) 100vw, 359px\" \/><\/a><\/li>\n            <\/ul>\n        <\/div>\n        \n    <\/div>\n<\/div>\n\t<h3>Nos clients<\/h3>\n<ul>\n<li><a href=\"http:\/\/www.genacol.ca\">Genacol<\/a><\/li>\n<li><a href=\"http:\/\/www.purnoisetier.com\">Pur Noisetier<\/a><\/li>\n<li><a href=\"http:\/\/www.huiledemeu.com\">Emeu Dundee<\/a><\/li>\n<li><a href=\"http:\/\/www.arthriplus.com\">Arthri-Plus<\/a><\/li>\n<li><a href=\"http:\/\/www.bekebobo.com\">B\u00e9k\u00e9 Bobo<\/a><\/li>\n<li><a href=\"http:\/\/www.olabamboo.com\">Ola Bamboo<\/a><\/li>\n<li><a href=\"http:\/\/www.heloiselab.com\/fr\/produits\/Chasse\/\">Citrobug<\/a><\/li>\n<li><a href=\"http:\/\/www.bontedistribution.com\">Bont\u00e9 Distribution Inc<\/a><\/li>\n<li><a href=\"http:\/\/clockittoya.ca\">Clock it to ya<\/a><\/li>\n<li><a href=\"https:\/\/landart.ca\">Land Art<\/a><\/li>\n<li><a href=\"https:\/\/yummysport.com\/\">Yummy Sport<\/a><\/li>\n<\/ul>\n\t\t<h3>PARLEZ \u00c0 UN REPR\u00c9SENTANT<\/h3>\n\t\t\t<a href=\"https:\/\/courtierpharma.com\/fr\/contact\/\" target=\"_self\" role=\"button\" rel=\"noopener\">\n\t\t\t\t\t\t\tContact\n\t\t\t\t\t<\/a>\n\n","protected":false},"excerpt":{"rendered":"<p>Nos clients Genacol Pur Noisetier Emeu Dundee Arthri-Plus B\u00e9k\u00e9 Bobo Ola Bamboo Citrobug Bont\u00e9 Distribution Inc Clock it to ya&hellip;<\/p>\n","protected":false},"author":1,"featured_media":0,"parent":0,"menu_order":0,"comment_status":"closed","ping_status":"closed","template":"","meta":{"footnotes":""},"class_list":["post-334","page","type-page","status-publish","hentry"],"_links":{"self":[{"href":"https:\/\/courtierpharma.com\/fr\/wp-json\/wp\/v2\/pages\/334","targetHints":{"allow":["GET"]}}],"collection":[{"href":"https:\/\/courtierpharma.com\/fr\/wp-json\/wp\/v2\/pages"}],"about":[{"href":"https:\/\/courtierpharma.com\/fr\/wp-json\/wp\/v2\/types\/page"}],"author":[{"embeddable":true,"href":"https:\/\/courtierpharma.com\/fr\/wp-json\/wp\/v2\/users\/1"}],"replies":[{"embeddable":true,"href":"https:\/\/courtierpharma.com\/fr\/wp-json\/wp\/v2\/comments?post=334"}],"version-history":[{"count":5,"href":"https:\/\/courtierpharma.com\/fr\/wp-json\/wp\/v2\/pages\/334\/revisions"}],"predecessor-version":[{"id":643,"href":"https:\/\/courtierpharma.com\/fr\/wp-json\/wp\/v2\/pages\/334\/revisions\/643"}],"wp:attachment":[{"href":"https:\/\/courtierpharma.com\/fr\/wp-json\/wp\/v2\/media?parent=334"}],"curies":[{"name":"wp","href":"https:\/\/api.w.org\/{rel}","templated":true}]}}