{"id":329,"date":"2018-04-25T13:37:25","date_gmt":"2018-04-25T17:37:25","guid":{"rendered":"https:\/\/courtierpharma.com\/?page_id=329"},"modified":"2020-04-17T14:31:10","modified_gmt":"2020-04-17T18:31:10","slug":"distribution","status":"publish","type":"page","link":"https:\/\/courtierpharma.com\/fr\/services\/distribution\/","title":{"rendered":"Distribution"},"content":{"rendered":"<p>Nous pouvons aussi acheter directement vos produits et nous nous occupons du reste (vente \/ distribution \/ paiement). Il suffit pour vous de vous concentrer sur ce que vous faites de mieux : Le\u00a0d\u00e9veloppement et le marketing de vos produits.<\/p>\n<h2>Avantages:<\/h2>\n<ol>\n<li>Aucune gestion de livraison et de facturation<\/li>\n<li>Aucun compte-recevable \u00e0 g\u00e9rer<\/li>\n<li>Soutien incomparable pour les PME<\/li>\n<li>Acc\u00e8s \u00e0 un r\u00e9seau de distribution de 1,300 pharmacies<\/li>\n<\/ol>\n<p>\t\t\t\t<img decoding=\"async\" src=\"https:\/\/courtierpharma.com\/wp-content\/uploads\/2018\/04\/factory-947425_1920.jpg\" alt=\"Courtier Pharma - Distribution\" itemprop=\"image\" title=\"Courtier Pharma - Distribution\" onerror=\"this.style.display='none'\"  \/><\/p>\n<h3>PARLEZ \u00c0 UN REPR\u00c9SENTANT<\/h3>\n<p>\t\t\t<a href=\"https:\/\/courtierpharma.com\/contact\/\" target=\"_self\" role=\"button\"><br \/>\n\t\t\t\t\t\t\tContact<br \/>\n\t\t\t\t\t<\/a><\/p>\n","protected":false},"excerpt":{"rendered":"<p>Nous pouvons aussi acheter directement vos produits et nous nous occupons du reste (vente \/ distribution \/ paiement). Il suffit&hellip;<\/p>\n","protected":false},"author":1,"featured_media":0,"parent":158,"menu_order":0,"comment_status":"closed","ping_status":"closed","template":"","meta":{"footnotes":""},"class_list":["post-329","page","type-page","status-publish","hentry"],"_links":{"self":[{"href":"https:\/\/courtierpharma.com\/fr\/wp-json\/wp\/v2\/pages\/329","targetHints":{"allow":["GET"]}}],"collection":[{"href":"https:\/\/courtierpharma.com\/fr\/wp-json\/wp\/v2\/pages"}],"about":[{"href":"https:\/\/courtierpharma.com\/fr\/wp-json\/wp\/v2\/types\/page"}],"author":[{"embeddable":true,"href":"https:\/\/courtierpharma.com\/fr\/wp-json\/wp\/v2\/users\/1"}],"replies":[{"embeddable":true,"href":"https:\/\/courtierpharma.com\/fr\/wp-json\/wp\/v2\/comments?post=329"}],"version-history":[{"count":7,"href":"https:\/\/courtierpharma.com\/fr\/wp-json\/wp\/v2\/pages\/329\/revisions"}],"predecessor-version":[{"id":600,"href":"https:\/\/courtierpharma.com\/fr\/wp-json\/wp\/v2\/pages\/329\/revisions\/600"}],"up":[{"embeddable":true,"href":"https:\/\/courtierpharma.com\/fr\/wp-json\/wp\/v2\/pages\/158"}],"wp:attachment":[{"href":"https:\/\/courtierpharma.com\/fr\/wp-json\/wp\/v2\/media?parent=329"}],"curies":[{"name":"wp","href":"https:\/\/api.w.org\/{rel}","templated":true}]}}