{"id":327,"date":"2018-04-25T13:36:52","date_gmt":"2018-04-25T17:36:52","guid":{"rendered":"https:\/\/courtierpharma.com\/?page_id=327"},"modified":"2020-04-18T12:10:08","modified_gmt":"2020-04-18T16:10:08","slug":"courtage","status":"publish","type":"page","link":"https:\/\/courtierpharma.com\/fr\/services\/courtage\/","title":{"rendered":"Courtage"},"content":{"rendered":"<p>Nous vous offrons nos services de repr\u00e9sentation pour vos produits\u00a0 en pharmacie bas\u00e9 sur un pourcentage des ventes. Nous sommes\u00a0une \u00e9quipe de 9 repr\u00e9sentants \u00e0 sillonner le Qu\u00e9bec et le\u00a0Nouveau-Brunswick pour distribuer vos produits et en assurer le suivi.<\/p>\n<h2>Avantages:<\/h2>\n<ol>\n<li>Aucune gestion de personnel d\u2019\u00e9quipe de vente<\/li>\n<li>\nAucun\u00a0frais\u00a0fixes\u00a0ou\u00a0immobilisations\n<\/li>\n<li>Plusieurs repr\u00e9sentants sur la route \u00e0 faire la promotion de vos produits<\/li>\n<li>Pourcentage \u00e9tabli selon les ventes<\/li>\n<\/ol>\n<h3>PARLEZ \u00c0 UN REPR\u00c9SENTANT<\/h3>\n<p>\t\t\t<a href=\"https:\/\/courtierpharma.com\/contact\/\" target=\"_self\" role=\"button\"><br \/>\n\t\t\t\t\t\t\tContact<br \/>\n\t\t\t\t\t<\/a><\/p>\n","protected":false},"excerpt":{"rendered":"<p>Nous vous offrons nos services de repr\u00e9sentation pour vos produits\u00a0 en pharmacie bas\u00e9 sur un pourcentage des ventes. Nous sommes\u00a0une&hellip;<\/p>\n","protected":false},"author":1,"featured_media":0,"parent":158,"menu_order":0,"comment_status":"closed","ping_status":"closed","template":"","meta":{"footnotes":""},"class_list":["post-327","page","type-page","status-publish","hentry"],"_links":{"self":[{"href":"https:\/\/courtierpharma.com\/fr\/wp-json\/wp\/v2\/pages\/327","targetHints":{"allow":["GET"]}}],"collection":[{"href":"https:\/\/courtierpharma.com\/fr\/wp-json\/wp\/v2\/pages"}],"about":[{"href":"https:\/\/courtierpharma.com\/fr\/wp-json\/wp\/v2\/types\/page"}],"author":[{"embeddable":true,"href":"https:\/\/courtierpharma.com\/fr\/wp-json\/wp\/v2\/users\/1"}],"replies":[{"embeddable":true,"href":"https:\/\/courtierpharma.com\/fr\/wp-json\/wp\/v2\/comments?post=327"}],"version-history":[{"count":8,"href":"https:\/\/courtierpharma.com\/fr\/wp-json\/wp\/v2\/pages\/327\/revisions"}],"predecessor-version":[{"id":602,"href":"https:\/\/courtierpharma.com\/fr\/wp-json\/wp\/v2\/pages\/327\/revisions\/602"}],"up":[{"embeddable":true,"href":"https:\/\/courtierpharma.com\/fr\/wp-json\/wp\/v2\/pages\/158"}],"wp:attachment":[{"href":"https:\/\/courtierpharma.com\/fr\/wp-json\/wp\/v2\/media?parent=327"}],"curies":[{"name":"wp","href":"https:\/\/api.w.org\/{rel}","templated":true}]}}