{"id":158,"date":"2018-02-01T13:20:51","date_gmt":"2018-02-01T18:20:51","guid":{"rendered":"https:\/\/courtierpharma.com\/?page_id=158"},"modified":"2018-06-21T14:17:50","modified_gmt":"2018-06-21T18:17:50","slug":"services","status":"publish","type":"page","link":"https:\/\/courtierpharma.com\/fr\/services\/","title":{"rendered":"Nos Services"},"content":{"rendered":"<p>\t\t\t\t<a href=\"https:\/\/courtierpharma.com\/services\/courtage\/\" target=\"_self\" itemprop=\"url\"><br \/>\n\t\t\t\t<img decoding=\"async\" src=\"https:\/\/courtierpharma.com\/wp-content\/uploads\/bb-plugin\/cache\/adult-3327336_1920-landscape.jpg\" alt=\"\" itemprop=\"image\"  \/><br \/>\n\t\t\t\t<\/a><\/p>\n<h3><a href=\"https:\/\/courtierpharma.com\/services\/courtage\/\" target=\"_self\">Courtage<\/a><\/h3>\n<p>Nous vous offrons nos services de repr\u00e9sentation de votre produit en pharmacie. Nous sommes 9 repr\u00e9sentants \u00e0 scilloner le Qu\u00e9bec et le Nouveau Brunswick pour mettre votre produit en avant plan.<\/p>\n<p>\t\t\t<a href=\"https:\/\/courtierpharma.com\/services\/courtage\/\" target=\"_self\" role=\"button\"><br \/>\n\t\t\t\t\t\t\tLire plus<br \/>\n\t\t\t\t\t<\/a><br \/>\n\t\t\t\t<a href=\"https:\/\/courtierpharma.com\/services\/distribution\/\" target=\"_self\" itemprop=\"url\"><br \/>\n\t\t\t\t<img decoding=\"async\" src=\"https:\/\/courtierpharma.com\/wp-content\/uploads\/bb-plugin\/cache\/factory-947425_1920-landscape.jpg\" alt=\"\" itemprop=\"image\"  \/><br \/>\n\t\t\t\t<\/a><\/p>\n<h3><a href=\"https:\/\/courtierpharma.com\/services\/distribution\/\" target=\"_self\">Distribution<\/a><\/h3>\n<p>Nous achetons directement votre produit et nous nous occupons de le vendre, livrer et collecter la Pharmacie pour vous.<\/p>\n<p>\t\t\t<a href=\"https:\/\/courtierpharma.com\/services\/distribution\/\" target=\"_self\" role=\"button\"><br \/>\n\t\t\t\t\t\t\tLire plus<br \/>\n\t\t\t\t\t<\/a><br \/>\n\t\t\t\t<a href=\"https:\/\/courtierpharma.com\/pharmacies\/\" target=\"_self\" itemprop=\"url\"><br \/>\n\t\t\t\t<img decoding=\"async\" src=\"https:\/\/courtierpharma.com\/wp-content\/uploads\/bb-plugin\/cache\/logo-pharmacy-3215049_1920-landscape.jpg\" alt=\"\" itemprop=\"image\"  \/><br \/>\n\t\t\t\t<\/a><\/p>\n<h3><a href=\"https:\/\/courtierpharma.com\/pharmacies\/\" target=\"_self\">Pharmacies<\/a><\/h3>\n<p>Le regroupement\u00a0<a href=\"http:\/\/www.courtierpharma.com\/\">Courtier Pharma<\/a> circule dans plusieurs grandes cha\u00eenes de pharmacies et magasins de grande surface. D\u00e9couvrez notre vaste r\u00e9seau!<\/p>\n<p>\t\t\t<a href=\"https:\/\/courtierpharma.com\/pharmacies\/\" target=\"_self\" role=\"button\"><br \/>\n\t\t\t\t\t\t\tLire plus<br \/>\n\t\t\t\t\t<\/a><br \/>\n\t\t\t\t<img decoding=\"async\" src=\"https:\/\/courtierpharma.com\/wp-content\/uploads\/2018\/04\/adult-3327336_1920.jpg\" alt=\"\" itemprop=\"image\"  \/><\/p>\n<h3>Pourquoi choisir un courtier?<\/h3>\n<p>Choisir Courtier Pharma c&rsquo;est choisir une \u00e9quipe d&rsquo;exp\u00e9rience qui travaille pour vous. Une \u00e9quipe avec qui vous aurez le plaisir de travailler et des gens de c\u0153ur que vous consideriez comme des membres de votre famille. Parce qu&rsquo;au coeur de nos op\u00e9rations, c&rsquo;est votre succ\u00e8s qui compte.<\/p>\n<p>Nous parcourons tout le Qu\u00e9bec ainsi que la francophonie de l\u2019Ontario et du Nouveau-Brunswick. Puis, nous offrons un service cl\u00e9 en main de repr\u00e9sentation avec le choix entre le courtage ou la distribution.<\/p>\n<h3>Services cl\u00e9s en main<\/h3>\n<p>Les nombreux avantages de notre service cl\u00e9 en main:<\/p>\n<p><a href=\"https:\/\/courtierpharma.com\/services\/courtage\/\">Courtage<\/a> :<\/p>\n<ul>\n<li>Aucune gestion de personnel d\u2019\u00e9quipe de vente<\/li>\n<li>Aucune obligation fixe de salaire annuel \u00e0 d\u00e9bourser<\/li>\n<li>Plusieurs repr\u00e9sentants sur la route \u00e0 faire la promotion de vos produits<\/li>\n<li>Pourcentage \u00e9tabli selon les ventes<\/li>\n<\/ul>\n<p><a href=\"https:\/\/courtierpharma.com\/services\/distribution\/\">Distribution<\/a>\u00a0:<\/p>\n<ul>\n<li>Aucune gestion de livraison et de facturation<\/li>\n<li>Aucun compte-recevable \u00e0 g\u00e9rer<\/li>\n<li>Soutien incomparable pour les PME<\/li>\n<\/ul>\n<p>\t\t\t\t<img decoding=\"async\" src=\"https:\/\/courtierpharma.com\/wp-content\/uploads\/2018\/04\/season-1985856_1920.jpg\" alt=\"\" itemprop=\"image\"  \/><\/p>\n<h3>PARLEZ \u00c0 UN REPR\u00c9SENTANT<\/h3>\n<p>\t\t\t<a href=\"https:\/\/courtierpharma.com\/contact\/\" target=\"_self\" role=\"button\"><br \/>\n\t\t\t\t\t\t\tContact<br \/>\n\t\t\t\t\t<\/a><\/p>\n","protected":false},"excerpt":{"rendered":"<p>Courtage Nous vous offrons nos services de repr\u00e9sentation de votre produit en pharmacie. Nous sommes 9 repr\u00e9sentants \u00e0 scilloner le&hellip;<\/p>\n","protected":false},"author":1,"featured_media":0,"parent":0,"menu_order":0,"comment_status":"closed","ping_status":"closed","template":"","meta":{"footnotes":""},"class_list":["post-158","page","type-page","status-publish","hentry"],"_links":{"self":[{"href":"https:\/\/courtierpharma.com\/fr\/wp-json\/wp\/v2\/pages\/158","targetHints":{"allow":["GET"]}}],"collection":[{"href":"https:\/\/courtierpharma.com\/fr\/wp-json\/wp\/v2\/pages"}],"about":[{"href":"https:\/\/courtierpharma.com\/fr\/wp-json\/wp\/v2\/types\/page"}],"author":[{"embeddable":true,"href":"https:\/\/courtierpharma.com\/fr\/wp-json\/wp\/v2\/users\/1"}],"replies":[{"embeddable":true,"href":"https:\/\/courtierpharma.com\/fr\/wp-json\/wp\/v2\/comments?post=158"}],"version-history":[{"count":7,"href":"https:\/\/courtierpharma.com\/fr\/wp-json\/wp\/v2\/pages\/158\/revisions"}],"predecessor-version":[{"id":461,"href":"https:\/\/courtierpharma.com\/fr\/wp-json\/wp\/v2\/pages\/158\/revisions\/461"}],"wp:attachment":[{"href":"https:\/\/courtierpharma.com\/fr\/wp-json\/wp\/v2\/media?parent=158"}],"curies":[{"name":"wp","href":"https:\/\/api.w.org\/{rel}","templated":true}]}}