{"id":156,"date":"2018-02-01T13:20:51","date_gmt":"2018-02-01T18:20:51","guid":{"rendered":"https:\/\/courtierpharma.com\/?page_id=156"},"modified":"2023-10-13T15:10:20","modified_gmt":"2023-10-13T19:10:20","slug":"accueil","status":"publish","type":"page","link":"https:\/\/courtierpharma.com\/fr\/","title":{"rendered":"Accueil"},"content":{"rendered":"\n\n\t\t\t\t<a href=\"https:\/\/courtierpharma.com\/fr\/services\/courtage\/\" target=\"_self\" itemprop=\"url\" rel=\"noopener\">\n\t\t\t\t<img loading=\"lazy\" decoding=\"async\" src=\"https:\/\/courtierpharma.com\/wp-content\/uploads\/bb-plugin\/cache\/adult-3327336_1920-1024x683-landscape-47d58df83bf04a8b1d726f6ee67b6f2f-.jpg\" alt=\"Courtier Pharma - Courtages\" itemprop=\"image\" height=\"459\" width=\"688\" title=\"Courtier Pharma - Courtages\" onerror=\"this.style.display='none'\"  \/>\n\t\t\t\t<\/a>\n<h3><a href=\"https:\/\/courtierpharma.com\/fr\/services\/courtage\/\" target=\"_self\" rel=\"noopener\">Courtage<\/a><\/h3>\t\t\n\t\t\t<p>Nous vous offrons nos services de repr\u00e9sentation de votre produit en pharmacie. Nous sommes 9 repr\u00e9sentants \u00e0 scilloner le Qu\u00e9bec et le Nouveau Brunswick pour mettre votre produit en avant plan.<\/p>\n<a href=\"https:\/\/courtierpharma.com\/fr\/services\/courtage\/\" target=\"_self\" rel=\"noopener\">Voir plus<\/a>\t\t\n\t\t\t\t<a href=\"https:\/\/courtierpharma.com\/fr\/services\/distribution\/\" target=\"_self\" itemprop=\"url\" rel=\"noopener\">\n\t\t\t\t<img loading=\"lazy\" decoding=\"async\" src=\"https:\/\/courtierpharma.com\/wp-content\/uploads\/bb-plugin\/cache\/factory-947425_1920-landscape-02d115ec208a7fe39efc8148eea24d2b-.jpg\" alt=\"Courtier Pharma - Distribution\" itemprop=\"image\" height=\"1440\" width=\"1920\" title=\"Courtier Pharma - Distribution\" onerror=\"this.style.display='none'\"  \/>\n\t\t\t\t<\/a>\n<h3><a href=\"https:\/\/courtierpharma.com\/fr\/services\/distribution\/\" target=\"_self\" rel=\"noopener\">Distribution<\/a><\/h3>\t\t\n\t\t\t<p>Nous achetons directement votre produit et nous nous occupons de le vendre, livrer et collecter la Pharmacie pour vous.<\/p>\n<a href=\"https:\/\/courtierpharma.com\/fr\/services\/distribution\/\" target=\"_self\" rel=\"noopener\">Voir plus<\/a>\t\t\n\t\t\t\t<a href=\"https:\/\/courtierpharma.com\/fr\/pharmacies\/\" target=\"_self\" itemprop=\"url\" rel=\"noopener\">\n\t\t\t\t<img loading=\"lazy\" decoding=\"async\" src=\"https:\/\/courtierpharma.com\/wp-content\/uploads\/bb-plugin\/cache\/logo-pharmacy-3215049_1920-landscape-572b5b625ee7ff857a8f1c3bf57e6ffe-.jpg\" alt=\"Courtier Pharma - Pharmacies\" itemprop=\"image\" height=\"1087\" width=\"1920\" title=\"Courtier Pharma - Pharmacies\" onerror=\"this.style.display='none'\"  \/>\n\t\t\t\t<\/a>\n<h3><a href=\"https:\/\/courtierpharma.com\/fr\/pharmacies\/\" target=\"_self\" rel=\"noopener\">Pharmacies<\/a><\/h3>\t\t\n\t\t\t<p>Le regroupement <a href=\"http:\/\/www.courtierpharma.com\">Courtier Pharma<\/a> circule dans plusieurs grandes cha\u00eenes de pharmacieset magasins de grande surface. D\u00e9couvrez notre vaste r\u00e9seau!<\/p>\n<a href=\"https:\/\/courtierpharma.com\/fr\/pharmacies\/\" target=\"_self\" rel=\"noopener\">Voir plus<\/a>\t\t\n\n\t<h3>Votre produit, notre priorit\u00e9 sur le march\u00e9!<\/h3>\n<p>Courtier Pharma est un regroupement de 9 repr\u00e9sentants en pharmacie qui sillonnent tout le Qu\u00e9bec ainsi que les territoires francophones de l&rsquo;Ontario et du Nouveau Brunswick.<\/p>\n\t\t<h3>PARLEZ \u00c0 UN REPR\u00c9SENTANT<\/h3>\n\t\t\t<a href=\"https:\/\/courtierpharma.com\/fr\/contact\/\" target=\"_self\" rel=\"noopener\">\n\t\t\t\t\t\t\tContact\n\t\t\t\t\t<\/a>\n\n","protected":false},"excerpt":{"rendered":"<p>Courtage Nous vous offrons nos services de repr\u00e9sentation de votre produit en pharmacie. Nous sommes 9 repr\u00e9sentants \u00e0 scilloner le&hellip;<\/p>\n","protected":false},"author":1,"featured_media":0,"parent":0,"menu_order":0,"comment_status":"closed","ping_status":"closed","template":"","meta":{"footnotes":""},"class_list":["post-156","page","type-page","status-publish","hentry"],"_links":{"self":[{"href":"https:\/\/courtierpharma.com\/fr\/wp-json\/wp\/v2\/pages\/156","targetHints":{"allow":["GET"]}}],"collection":[{"href":"https:\/\/courtierpharma.com\/fr\/wp-json\/wp\/v2\/pages"}],"about":[{"href":"https:\/\/courtierpharma.com\/fr\/wp-json\/wp\/v2\/types\/page"}],"author":[{"embeddable":true,"href":"https:\/\/courtierpharma.com\/fr\/wp-json\/wp\/v2\/users\/1"}],"replies":[{"embeddable":true,"href":"https:\/\/courtierpharma.com\/fr\/wp-json\/wp\/v2\/comments?post=156"}],"version-history":[{"count":5,"href":"https:\/\/courtierpharma.com\/fr\/wp-json\/wp\/v2\/pages\/156\/revisions"}],"predecessor-version":[{"id":663,"href":"https:\/\/courtierpharma.com\/fr\/wp-json\/wp\/v2\/pages\/156\/revisions\/663"}],"wp:attachment":[{"href":"https:\/\/courtierpharma.com\/fr\/wp-json\/wp\/v2\/media?parent=156"}],"curies":[{"name":"wp","href":"https:\/\/api.w.org\/{rel}","templated":true}]}}